{"id":2960,"date":"2025-07-31T03:35:11","date_gmt":"2025-07-31T06:35:11","guid":{"rendered":"https:\/\/edukai.net\/?post_type=product&#038;p=2960"},"modified":"2026-02-20T14:23:48","modified_gmt":"2026-02-20T17:23:48","slug":"elt-bundle","status":"publish","type":"product","link":"https:\/\/edukai.net\/es\/elt\/product\/elt-bundle\/","title":{"rendered":"ELT Bundle"},"content":{"rendered":"<p><strong>\u00bfQu\u00e9 aprender\u00e1s en este combo?<\/strong><\/p>\n<ul>\n<li><strong>Lesson Planning: <\/strong>a estructurar cada clase en etapas que te permitir\u00e1n abordar las distintas instancias de la lecci\u00f3n. A romper el hielo para que los estudiantes se involucren en la clase. T\u00e9cnicas sobre c\u00f3mo presentar nuevos temas y que los estudiantes puedan practicar y hacer uso del lenguaje nuevo. C\u00f3mo concluir y hacer seguimiento a cada tema presentado para retomarlo como pr\u00e1ctica en la clase siguiente. C\u00f3mo cronometrar las actividades y contar con actividades extra en caso de que lo planificado no resulte como lo esperabas.<\/li>\n<\/ul>\n<ul>\n<li><strong>ELT: What lies beneath. <\/strong>todo lo relacionado a la din\u00e1mica que ocurre dentro de una clase, m\u00e1s all\u00e1 de la lengua inglesa. Los diferentes estilos y estrategias de aprendizaje. Factores que afectan el proceso de aprendizaje. A utilizar el error como un aliado dentro de las lecciones. A utilizar materiales y recursos did\u00e1cticos para enriquecer tus planificaciones. La importancia de la motivaci\u00f3n y el feedback en el proceso de aprendizaje. M\u00e9todos de evaluaci\u00f3n que aporten valor. C\u00f3mo lograr un ambiente positivo que favorezca el aprendizaje de tus alumnos. Lenguaje en el aula y acuerdos en el aula. C\u00f3mo aplicar la neuroarquitectura en el aula.<\/li>\n<p><\/p>\n<li><strong>How to keep your students engaged: <\/strong>t\u00e9cnicas para poder conocer a tus estudiantes y elegir actividades y proyectos que se acoplen a sus necesidades e intereses. Recursos did\u00e1cticos y tecnol\u00f3gicos que puedes utilizar en tus planificaciones. A elaborar clases basadas en proyectos individuales o grupales.<\/li>\n<\/ul>\n<ul>\n<li><strong>Marketing for ELT teachers: <\/strong>distintas opciones laborales para trabajar como docente de ingl\u00e9s. A pensar c\u00f3mo establecer o mejorar tus tarifas seg\u00fan las actividades que desarrolles como profesional. Los elementos presentes en una estrategia de marketing que te ayudar\u00e1n a construir tu marca personal como docente de ingl\u00e9s, incluyendo el marketing digital. A establecer metas y analizar escenarios para lograr fines laborales y personales espec\u00edficos. A identificar y vencer los obst\u00e1culos que se nos presentan a diario en la vida laboral.<\/li>\n<\/ul>\n<p><strong>\u00a0<\/strong><\/p>\n<h5>Nivel<\/h5>\n<p>Avanzado (C1), Avanzado (C2)<\/p>\n<h5>Requisitos para el curso<\/h5>\n<p>Este curso est\u00e1 pensado para docentes de lengua inglesa.<\/p>\n<h5>Este curso incluye<\/h5>\n<p>41 videos asincr\u00f3nicos<br \/>\nRecursos descargables s\u00faper \u00fatiles<br \/>\nTiempo de acceso ilimitado<br \/>\nCertificado de finalizaci\u00f3n<\/p>","protected":false},"excerpt":{"rendered":"<p>What will you learn in this bundle? Lesson Planning: to chunk each class into different stages so that you can address the different parts of the lesson. To \u201cbreak the ice\u201d and invite students to get involved in the lesson. Techniques on how to introduce new topics so that students can practice and make use &#8230; <a title=\"ELT Bundle\" class=\"read-more\" href=\"https:\/\/edukai.net\/es\/elt\/product\/elt-bundle\/\" aria-label=\"Leer m\u00e1s sobre ELT Bundle\">Read more<\/a><\/p>","protected":false},"featured_media":2683,"template":"","meta":{"_acf_changed":false,"_joinchat":[]},"product_brand":[],"product_cat":[44],"product_tag":[62],"class_list":{"0":"post-2960","1":"product","2":"type-product","3":"status-publish","4":"has-post-thumbnail","6":"product_cat-english-language-teaching","7":"product_tag-bundle","8":"sales-flash-overlay","9":"woocommerce-text-align-center","10":"woocommerce-image-align-center","11":"do-quantity-buttons","13":"first","14":"instock","15":"virtual","16":"purchasable","17":"product-type-simple"},"acf":[],"_links":{"self":[{"href":"https:\/\/edukai.net\/es\/wp-json\/wp\/v2\/product\/2960","targetHints":{"allow":["GET"]}}],"collection":[{"href":"https:\/\/edukai.net\/es\/wp-json\/wp\/v2\/product"}],"about":[{"href":"https:\/\/edukai.net\/es\/wp-json\/wp\/v2\/types\/product"}],"wp:featuredmedia":[{"embeddable":true,"href":"https:\/\/edukai.net\/es\/wp-json\/wp\/v2\/media\/2683"}],"wp:attachment":[{"href":"https:\/\/edukai.net\/es\/wp-json\/wp\/v2\/media?parent=2960"}],"wp:term":[{"taxonomy":"product_brand","embeddable":true,"href":"https:\/\/edukai.net\/es\/wp-json\/wp\/v2\/product_brand?post=2960"},{"taxonomy":"product_cat","embeddable":true,"href":"https:\/\/edukai.net\/es\/wp-json\/wp\/v2\/product_cat?post=2960"},{"taxonomy":"product_tag","embeddable":true,"href":"https:\/\/edukai.net\/es\/wp-json\/wp\/v2\/product_tag?post=2960"}],"curies":[{"name":"wp","href":"https:\/\/api.w.org\/{rel}","templated":true}]}}